{"id":102,"date":"2018-11-22T17:36:48","date_gmt":"2018-11-22T16:36:48","guid":{"rendered":"http:\/\/ea4650.fr\/?page_id=102"},"modified":"2022-09-21T11:12:39","modified_gmt":"2022-09-21T09:12:39","slug":"axe-2","status":"publish","type":"page","link":"https:\/\/ea4650.fr\/index.php\/strategie-2022-2027\/axe-2\/","title":{"rendered":"Axe 2 &#8211; Nouvelles strat\u00e9gies d\u2019imagerie du remodelage cardiovasculaire"},"content":{"rendered":"<p>Cet axe de recherche continue d\u2019explorer la place des nouvelles technologies dans le d\u00e9veloppement de nouvelles strat\u00e9gies en imagerie cardiaque<\/p>\n<h2>Imagerie quantitative en SPECT<\/h2>\n<p>Les progr\u00e8s les plus r\u00e9cents en imagerie SPECT sont li\u00e9s \u00e0 l\u2019apparition des nouvelles camera SPECT-CZT tomographique corps entier coupl\u00e9es au scanner (Veriton-CT) permettant une acquisition tomographique profitant \u00e0 la fois de la sensibilit\u00e9 des d\u00e9tecteurs solides CZT, et des possibilit\u00e9s de correction d\u2019att\u00e9nuation, de diffus\u00e9 et du volume partiel permettant d\u2019envisager une \u00e9valuation quantitative de la captation des radiopharmaceutiques SPECT jusqu\u2019alors r\u00e9serv\u00e9s \u00e0 la TEP. Il s\u2019agit potentiellement d\u2019une rupture radicale dans le domaine de l\u2019imagerie fonctionnelle mettant \u00e0 profit la quantification de la captation pour tous les MRP pr\u00e9sents dans le commerce et qui n\u2019ont pas leur \u00e9quivalent en TEP.<\/p>\n<p>Notre unit\u00e9 a acc\u00e8s aux deux cam\u00e9ras CZT corps entier actuellement disponibles : la Veriton-CT, sur le site du CHU de Caen et la DNM 670CZT, sur le site de la clinique du Bois \u00e0 Lille (A. Bailliez, PR \u00e0 l\u2019Institut Catholique de Lille, ancien doctorant de l\u2019unit\u00e9 et membre de notre unit\u00e9 depuis 2016).<\/p>\n<p>Nos travaux actuels concernent l&rsquo;application de l&rsquo;imagerie quantitative \u00e0 l&rsquo;\u00e9valuation de la charge amylo\u00efde dans le cadre de l\u2019amylose cardiaque. Dans le domaine de l\u2019amylose cardiaque, l\u2019arriv\u00e9e r\u00e9cente du traitement par tafamidis pose la question de l\u2019\u00e9valuation de l\u2019efficacit\u00e9 th\u00e9rapeutique, et au-del\u00e0 de l\u2019\u00e9valuation des non-r\u00e9pondeurs et de la dur\u00e9e du traitement. Nous avons montr\u00e9 r\u00e9cemment qu\u2019une approche tridimensionnelle de l\u2019\u00e9valuation semi quantitative surpassait les m\u00e9thodes planaires (<a href=\"https:\/\/pubmed.ncbi.nlm.nih.gov\/31873816\/\">Manrique A. EJNMMI Res 2019<\/a>). Surtout, nos r\u00e9sultats pr\u00e9liminaires sur fant\u00f4me puis chez quelques patients (<a href=\"https:\/\/pubmed.ncbi.nlm.nih.gov\/32715418\/\">Bellevre D. J Nucl cardiol 2022<\/a>) ont montr\u00e9 la faisabilit\u00e9 de la quantification de la charge amylo\u00efde par la SUV en SPECT et ouvrent la voie \u00e0 de nouvelles strat\u00e9gies.<\/p>\n","protected":false},"excerpt":{"rendered":"<p>Cet axe de recherche continue d\u2019explorer la place des nouvelles technologies dans le d\u00e9veloppement de nouvelles strat\u00e9gies en imagerie cardiaque Imagerie quantitative en SPECT Les progr\u00e8s les plus r\u00e9cents en imagerie SPECT sont li\u00e9s \u00e0 l\u2019apparition des nouvelles camera SPECT-CZT tomographique corps entier coupl\u00e9es au scanner (Veriton-CT) permettant une acquisition tomographique profitant \u00e0 la fois &hellip; <a href=\"https:\/\/ea4650.fr\/index.php\/strategie-2022-2027\/axe-2\/\" class=\"more-link\">Continuer la lecture<span class=\"screen-reader-text\"> de &laquo;&nbsp;Axe 2 &#8211; Nouvelles strat\u00e9gies d\u2019imagerie du remodelage cardiovasculaire&nbsp;&raquo;<\/span><\/a><\/p>\n","protected":false},"author":1,"featured_media":0,"parent":92,"menu_order":0,"comment_status":"closed","ping_status":"closed","template":"","meta":{"footnotes":""},"class_list":["post-102","page","type-page","status-publish","hentry"],"_links":{"self":[{"href":"https:\/\/ea4650.fr\/index.php\/wp-json\/wp\/v2\/pages\/102","targetHints":{"allow":["GET"]}}],"collection":[{"href":"https:\/\/ea4650.fr\/index.php\/wp-json\/wp\/v2\/pages"}],"about":[{"href":"https:\/\/ea4650.fr\/index.php\/wp-json\/wp\/v2\/types\/page"}],"author":[{"embeddable":true,"href":"https:\/\/ea4650.fr\/index.php\/wp-json\/wp\/v2\/users\/1"}],"replies":[{"embeddable":true,"href":"https:\/\/ea4650.fr\/index.php\/wp-json\/wp\/v2\/comments?post=102"}],"version-history":[{"count":11,"href":"https:\/\/ea4650.fr\/index.php\/wp-json\/wp\/v2\/pages\/102\/revisions"}],"predecessor-version":[{"id":849,"href":"https:\/\/ea4650.fr\/index.php\/wp-json\/wp\/v2\/pages\/102\/revisions\/849"}],"up":[{"embeddable":true,"href":"https:\/\/ea4650.fr\/index.php\/wp-json\/wp\/v2\/pages\/92"}],"wp:attachment":[{"href":"https:\/\/ea4650.fr\/index.php\/wp-json\/wp\/v2\/media?parent=102"}],"curies":[{"name":"wp","href":"https:\/\/api.w.org\/{rel}","templated":true}]}}