{"id":7,"date":"2018-11-14T20:36:19","date_gmt":"2018-11-14T19:36:19","guid":{"rendered":"http:\/\/ea4650.fr\/?page_id=7"},"modified":"2022-11-04T14:44:40","modified_gmt":"2022-11-04T13:44:40","slug":"accueil","status":"publish","type":"page","link":"https:\/\/ea4650.fr\/","title":{"rendered":"Accueil"},"content":{"rendered":"<p class=\"p1\">L\u2019unit\u00e9 PSIR \u00ab\u00a0Physiopathologie et Strat\u00e9gies d\u2019Imagerie du Remodelage cardiovasculaire\u00a0\u00bb\u00a0UR4650 est une unit\u00e9 de recherche de l&rsquo;<a href=\"https:\/\/www.unicaen.fr\/\">Universit\u00e9 de Caen Normandie<\/a> (UNICAEN) h\u00e9berg\u00e9e au <a href=\"https:\/\/www.cyceron.fr\/\">GIP Cyceron<\/a> \u00e0 Caen. Elle a \u00e9t\u00e9 initialement cr\u00e9\u00e9e en Janvier 2012, et renouvel\u00e9e 2022. Depuis sa cr\u00e9ation, elle entretient un partenariat fort avec le CHU de Caen.<\/p>\n<p>Notre unit\u00e9 s&rsquo;int\u00e9resse \u00e0 l\u2019\u00e9valuation du remodelage cardiovasculaire, selon 2 axes th\u00e9matiques\u00a0:<\/p>\n<ul>\n<li><a href=\"http:\/\/ea4650.fr\/index.php\/une-section-de-page-daccueil\/bilan-2017-2022\/axe-1\/\">Physiopathologie du remodelage cardiovasculaire (Axe 1)<\/a><\/li>\n<li><a href=\"http:\/\/ea4650.fr\/index.php\/une-section-de-page-daccueil\/bilan-2017-2022\/axe-2\/\">Nouvelles strat\u00e9gies d\u2019imagerie du remodelage cardiovasculaire (Axe 2)<\/a><\/li>\n<\/ul>\n<p>Chaque axe aborde un volet cognitif visant \u00e0 am\u00e9liorer la compr\u00e9hension des m\u00e9canismes mis en jeu, et un volet applicatif visant \u00e0 am\u00e9liorer la prise en charge du remodelage et de ses cons\u00e9quences (anatomiques, fonctionnelles, m\u00e9taboliques).<\/p>\n<p>L&rsquo;unit\u00e9 regroupe actuellement une vingtaine de personnes associant des praticiens, enseignants-chercheurs, techniciens et des \u00e9tudiants venant essentiellement de l\u2019UFR Sant\u00e9 et de l\u2019UFR des Sciences de l\u2019Universit\u00e9 de Caen Normandie.<\/p>\n","protected":false},"excerpt":{"rendered":"<p>L\u2019unit\u00e9 PSIR \u00ab\u00a0Physiopathologie et Strat\u00e9gies d\u2019Imagerie du Remodelage cardiovasculaire\u00a0\u00bb\u00a0UR4650 est une unit\u00e9 de recherche de l&rsquo;Universit\u00e9 de Caen Normandie (UNICAEN) h\u00e9berg\u00e9e au GIP Cyceron \u00e0 Caen. Elle a \u00e9t\u00e9 initialement cr\u00e9\u00e9e en Janvier 2012, et renouvel\u00e9e 2022. Depuis sa cr\u00e9ation, elle entretient un partenariat fort avec le CHU de Caen. Notre unit\u00e9 s&rsquo;int\u00e9resse \u00e0 l\u2019\u00e9valuation &hellip; <a href=\"https:\/\/ea4650.fr\/\" class=\"more-link\">Continuer la lecture<span class=\"screen-reader-text\"> de &laquo;&nbsp;Accueil&nbsp;&raquo;<\/span><\/a><\/p>\n","protected":false},"author":1,"featured_media":0,"parent":0,"menu_order":0,"comment_status":"closed","ping_status":"closed","template":"","meta":{"footnotes":""},"class_list":["post-7","page","type-page","status-publish","hentry"],"_links":{"self":[{"href":"https:\/\/ea4650.fr\/index.php\/wp-json\/wp\/v2\/pages\/7","targetHints":{"allow":["GET"]}}],"collection":[{"href":"https:\/\/ea4650.fr\/index.php\/wp-json\/wp\/v2\/pages"}],"about":[{"href":"https:\/\/ea4650.fr\/index.php\/wp-json\/wp\/v2\/types\/page"}],"author":[{"embeddable":true,"href":"https:\/\/ea4650.fr\/index.php\/wp-json\/wp\/v2\/users\/1"}],"replies":[{"embeddable":true,"href":"https:\/\/ea4650.fr\/index.php\/wp-json\/wp\/v2\/comments?post=7"}],"version-history":[{"count":18,"href":"https:\/\/ea4650.fr\/index.php\/wp-json\/wp\/v2\/pages\/7\/revisions"}],"predecessor-version":[{"id":1006,"href":"https:\/\/ea4650.fr\/index.php\/wp-json\/wp\/v2\/pages\/7\/revisions\/1006"}],"wp:attachment":[{"href":"https:\/\/ea4650.fr\/index.php\/wp-json\/wp\/v2\/media?parent=7"}],"curies":[{"name":"wp","href":"https:\/\/api.w.org\/{rel}","templated":true}]}}