{"id":92,"date":"2018-11-22T17:33:40","date_gmt":"2018-11-22T16:33:40","guid":{"rendered":"http:\/\/ea4650.fr\/?page_id=92"},"modified":"2023-04-18T11:42:47","modified_gmt":"2023-04-18T09:42:47","slug":"strategie-2022-2027","status":"publish","type":"page","link":"https:\/\/ea4650.fr\/index.php\/strategie-2022-2027\/","title":{"rendered":"Strat\u00e9gie 2022 &#8211; 2027"},"content":{"rendered":"<p><strong>Le projet scientifique de l\u2019UR4650 PSIR est centr\u00e9 sur la recherche de nouvelles strat\u00e9gies permettant de mieux \u00e9valuer et de limiter le remodelage cardiovasculaire.<br \/><\/strong><\/p>\n<p>Ce projet est adoss\u00e9 aux plateaux techniques du site Caennais (Cyceron, Icore \u2026) et s\u2019harmonise avec les objectifs fix\u00e9s initialement au sein de la <a href=\"https:\/\/fhu-remodvhf.fr\/\">FHU REMOD-HF<\/a> puis de la <a href=\"https:\/\/fhu-remodvhf.fr\/\">FHU CARNAVAL<\/a>. Il tire b\u00e9n\u00e9fice des cohortes mises en place dans le cadre du RHU STOP-AS. La cr\u00e9ation de collections biologiques\u00a0 permet de favoriser les approches m\u00e9canistiques. Des partenariats industriels solides sont mis \u00e0 profit pour les d\u00e9veloppements m\u00e9thodologiques.<\/p>\n<p>Notre strat\u00e9gie scientifique se d\u00e9cline en 2 axes th\u00e9matiques\u00a0:<\/p>\n<ul>\n<li><a href=\"http:\/\/ea4650.fr\/index.php\/strategie-2022-2027\/axe-1\/\">Signalisation calcique du remodelage cardiovasculaire (axe 1)<\/a><\/li>\n<li><a href=\"http:\/\/ea4650.fr\/index.php\/strategie-2022-2027\/axe-2\/\">Imagerie du remodelage cardiovasculaire (axe 2)<\/a><\/li>\n<\/ul>\n\n\n<p><\/p>\n","protected":false},"excerpt":{"rendered":"<p>Le projet scientifique de l\u2019UR4650 PSIR est centr\u00e9 sur la recherche de nouvelles strat\u00e9gies permettant de mieux \u00e9valuer et de limiter le remodelage cardiovasculaire. Ce projet est adoss\u00e9 aux plateaux techniques du site Caennais (Cyceron, Icore \u2026) et s\u2019harmonise avec les objectifs fix\u00e9s initialement au sein de la FHU REMOD-HF puis de la FHU CARNAVAL. &hellip; <a href=\"https:\/\/ea4650.fr\/index.php\/strategie-2022-2027\/\" class=\"more-link\">Continuer la lecture<span class=\"screen-reader-text\"> de &laquo;&nbsp;Strat\u00e9gie 2022 &#8211; 2027&nbsp;&raquo;<\/span><\/a><\/p>\n","protected":false},"author":1,"featured_media":0,"parent":0,"menu_order":0,"comment_status":"closed","ping_status":"closed","template":"","meta":{"footnotes":""},"class_list":["post-92","page","type-page","status-publish","hentry"],"_links":{"self":[{"href":"https:\/\/ea4650.fr\/index.php\/wp-json\/wp\/v2\/pages\/92","targetHints":{"allow":["GET"]}}],"collection":[{"href":"https:\/\/ea4650.fr\/index.php\/wp-json\/wp\/v2\/pages"}],"about":[{"href":"https:\/\/ea4650.fr\/index.php\/wp-json\/wp\/v2\/types\/page"}],"author":[{"embeddable":true,"href":"https:\/\/ea4650.fr\/index.php\/wp-json\/wp\/v2\/users\/1"}],"replies":[{"embeddable":true,"href":"https:\/\/ea4650.fr\/index.php\/wp-json\/wp\/v2\/comments?post=92"}],"version-history":[{"count":13,"href":"https:\/\/ea4650.fr\/index.php\/wp-json\/wp\/v2\/pages\/92\/revisions"}],"predecessor-version":[{"id":1116,"href":"https:\/\/ea4650.fr\/index.php\/wp-json\/wp\/v2\/pages\/92\/revisions\/1116"}],"wp:attachment":[{"href":"https:\/\/ea4650.fr\/index.php\/wp-json\/wp\/v2\/media?parent=92"}],"curies":[{"name":"wp","href":"https:\/\/api.w.org\/{rel}","templated":true}]}}